{"id":1395,"date":"2014-05-05T06:44:17","date_gmt":"2014-05-05T03:44:17","guid":{"rendered":"https:\/\/www.amper.org.ro\/despre-amper\/"},"modified":"2026-01-31T08:18:47","modified_gmt":"2026-01-31T05:18:47","slug":"az-amper-rol","status":"publish","type":"page","link":"https:\/\/www.amper.org.ro\/hu\/az-amper-rol\/","title":{"rendered":"Az AMPER-r\u0151l"},"content":{"rendered":"<p>Az AMPER Egyes\u00fclet a relev\u00e1ns elm\u00e9k\u00e9rt 2011-ben alakult Marosv\u00e1s\u00e1rhelyen, a LeCtura foly\u00f3irat jogi form\u00e1j\u00fa t\u00e1mogat\u00e1sak\u00e9nt.<\/p>\n<p style=\"text-align: justify;\">2014-ben az egyes\u00fclet megv\u00e1ltoztatta f\u00f3kusz\u00e1t, \u00e9s helyi \u00e9s orsz\u00e1gos polg\u00e1ri aktivista projektekben vett r\u00e9szt.<\/p>\n<p>Az \u00faj alapszab\u00e1ly szerint 2023-t\u00f3l az egyes\u00fclet c\u00e9lja k\u00f6z\u00f6ss\u00e9gi \u00e9rdek\u0171 tev\u00e9kenys\u00e9gek v\u00e9gz\u00e9se \u00e9s\/vagy t\u00e1mogat\u00e1sa a k\u00f6vetkez\u0151 ter\u00fcleteken <em>kultur\u00e1lis \u00e9s oktat\u00e1si ter\u00fcletek. <\/em>Oktat\u00e1si programok kidolgoz\u00e1sa a javul\u00e1s \u00e9rdek\u00e9ben:<br \/>\n-kultur\u00e1lis p\u00e1rbesz\u00e9d;<br \/>\n-p\u00e1rbesz\u00e9d a civil t\u00e1rsadalmon bel\u00fcl;<br \/>\n-olyan szoci\u00e1lis projektek t\u00e1mogat\u00e1sa \u00e9s el\u0151mozd\u00edt\u00e1sa, amelyek akt\u00edv \u00e9s innovat\u00edv magatart\u00e1st tan\u00fas\u00edtanak a t\u00e1rsadalom jav\u00e1ra;<\/p>\n<p>-nemzetis\u00e9gek k\u00f6z\u00f6tti \u00e9s interkultur\u00e1lis jelleg\u0171 oktat\u00e1si \u00e9s kultur\u00e1lis tev\u00e9kenys\u00e9gek;<br \/>\n&#8211; a nemzeti kisebbs\u00e9gek es\u00e9lyegyenl\u0151s\u00e9g\u00e9t szolg\u00e1l\u00f3 tev\u00e9kenys\u00e9gek;<\/p>\n<p>-Programok, oktat\u00e1si projektek \u00e9s kurzusok kidolgoz\u00e1sa az egzakt tudom\u00e1nyok ter\u00fclet\u00e9n: k\u00e9mia, fizika, biol\u00f3gia, robotika, matematika.<\/p>\n<p>Az AMPER els\u0151sorban olyan emberek sz\u00e1m\u00e1ra nyitott, akik akt\u00edvan r\u00e9szt k\u00edv\u00e1nnak venni a k\u00f6z\u00f6ss\u00e9gi \u00e9letben polg\u00e1ri, kultur\u00e1lis \u00e9s oktat\u00e1si projektek r\u00e9v\u00e9n. A k\u00f6z\u00f6ss\u00e9ggel egy\u00fctt akarunk \u00e9p\u00edtkezni, \u00e9s a marosv\u00e1s\u00e1rhelyi k\u00f6z\u00f6ss\u00e9g sz\u00e1m\u00e1ra \u00f6szt\u00f6n\u00f6zz\u00fck a polg\u00e1ri gondolkod\u00e1sm\u00f3dot, a proakt\u00edv hozz\u00e1\u00e1ll\u00e1st \u00e9s az \u00f6nk\u00e9ntess\u00e9get.<\/p>\n<p>&nbsp;<\/p>\n<p style=\"text-align: center;\"><a href='http:\/\/www.amper.org.ro\/#proiecte-amper' class='big-button bigorange'>AMPER projektek<\/a><\/p>\n<p>&nbsp;<\/p>\n<p>Egyes\u00fclet tagjai: Adrian-Sorin Mure\u0219an, Veress Be\u00e1ta, C\u0103t\u0103lin Heghe\u0219<\/p>\n<p>\u00dcgyvezet\u0151 igazgat\u00f3: Adrian-Sorin Mure\u0219an<\/p>\n<p>\u00dcgyvezet\u0151 aligazgat\u00f3: Veress Be\u00e1ta<\/p>\n<p>Bejegyezve az egyes\u00fcletek \u00e9s alap\u00edtv\u00e1nyok nyilv\u00e1ntart\u00e1s\u00e1ban: \u201eAssociation for Pertinent Minds AMPER\u201d<br \/>\nAd\u00f3azonos\u00edt\u00f3 k\u00f3d: 28219427<br \/>\nAz Unicredit Bankn\u00e1l nyitott sz\u00e1mla lejben: RO89BACX0000002494296000.<\/p>\n<p>&nbsp;<\/p>\n<h2>Egyes\u00fcleti tagok:<\/h2>\n\n\t\t<style type=\"text\/css\">\n\t\t\t#gallery-1 {\n\t\t\t\tmargin: auto;\n\t\t\t}\n\t\t\t#gallery-1 .gallery-item {\n\t\t\t\tfloat: left;\n\t\t\t\tmargin-top: 10px;\n\t\t\t\ttext-align: center;\n\t\t\t\twidth: 33%;\n\t\t\t}\n\t\t\t#gallery-1 img {\n\t\t\t\tborder: 2px solid #cfcfcf;\n\t\t\t}\n\t\t\t#gallery-1 .gallery-caption {\n\t\t\t\tmargin-left: 0;\n\t\t\t}\n\t\t\t\/* see gallery_shortcode() in wp-includes\/media.php *\/\n\t\t<\/style>\n\t\t<div id='gallery-1' class='gallery galleryid-1395 gallery-columns-3 gallery-size-thumbnail'><dl class='gallery-item'>\n\t\t\t<dt class='gallery-icon portrait'>\n\t\t\t\t<img loading=\"lazy\" decoding=\"async\" width=\"150\" height=\"150\" src=\"https:\/\/www.amper.org.ro\/wp-content\/uploads\/2025\/04\/Untitled-design-9-150x150.png\" class=\"attachment-thumbnail size-thumbnail\" alt=\"\" aria-describedby=\"gallery-1-1390\" srcset=\"https:\/\/www.amper.org.ro\/wp-content\/uploads\/2025\/04\/Untitled-design-9-150x150.png 150w, https:\/\/www.amper.org.ro\/wp-content\/uploads\/2025\/04\/Untitled-design-9-103x103.png 103w, https:\/\/www.amper.org.ro\/wp-content\/uploads\/2025\/04\/Untitled-design-9-75x75.png 75w, https:\/\/www.amper.org.ro\/wp-content\/uploads\/2025\/04\/Untitled-design-9-184x184.png 184w\" sizes=\"auto, (max-width: 150px) 100vw, 150px\" \/>\n\t\t\t<\/dt>\n\t\t\t\t<dd class='wp-caption-text gallery-caption' id='gallery-1-1390'>\n\t\t\t\tAdrian-Sorin Mure\u0219an\n\t\t\t\t<\/dd><\/dl><dl class='gallery-item'>\n\t\t\t<dt class='gallery-icon portrait'>\n\t\t\t\t<img loading=\"lazy\" decoding=\"async\" width=\"150\" height=\"150\" src=\"https:\/\/www.amper.org.ro\/wp-content\/uploads\/2025\/04\/Untitled-design-8-150x150.png\" class=\"attachment-thumbnail size-thumbnail\" alt=\"\" aria-describedby=\"gallery-1-1388\" srcset=\"https:\/\/www.amper.org.ro\/wp-content\/uploads\/2025\/04\/Untitled-design-8-150x150.png 150w, https:\/\/www.amper.org.ro\/wp-content\/uploads\/2025\/04\/Untitled-design-8-103x103.png 103w, https:\/\/www.amper.org.ro\/wp-content\/uploads\/2025\/04\/Untitled-design-8-75x75.png 75w, https:\/\/www.amper.org.ro\/wp-content\/uploads\/2025\/04\/Untitled-design-8-184x184.png 184w\" sizes=\"auto, (max-width: 150px) 100vw, 150px\" \/>\n\t\t\t<\/dt>\n\t\t\t\t<dd class='wp-caption-text gallery-caption' id='gallery-1-1388'>\n\t\t\t\tVeress Be\u00e1ta\n\t\t\t\t<\/dd><\/dl><dl class='gallery-item'>\n\t\t\t<dt class='gallery-icon landscape'>\n\t\t\t\t<img loading=\"lazy\" decoding=\"async\" width=\"150\" height=\"150\" src=\"https:\/\/www.amper.org.ro\/wp-content\/uploads\/2014\/05\/catalin-150x150.jpg\" class=\"attachment-thumbnail size-thumbnail\" alt=\"\" aria-describedby=\"gallery-1-1245\" srcset=\"https:\/\/www.amper.org.ro\/wp-content\/uploads\/2014\/05\/catalin-150x150.jpg 150w, https:\/\/www.amper.org.ro\/wp-content\/uploads\/2014\/05\/catalin-103x103.jpg 103w, https:\/\/www.amper.org.ro\/wp-content\/uploads\/2014\/05\/catalin-75x75.jpg 75w, https:\/\/www.amper.org.ro\/wp-content\/uploads\/2014\/05\/catalin-184x184.jpg 184w\" sizes=\"auto, (max-width: 150px) 100vw, 150px\" \/>\n\t\t\t<\/dt>\n\t\t\t\t<dd class='wp-caption-text gallery-caption' id='gallery-1-1245'>\n\t\t\t\tCatalin Heghes\n\t\t\t\t<\/dd><\/dl><br style=\"clear: both\" \/>\n\t\t<\/div>\n\n","protected":false},"excerpt":{"rendered":"<p>Az AMPER Egyes\u00fclet a relev\u00e1ns elm\u00e9k\u00e9rt 2011-ben alakult Marosv\u00e1s\u00e1rhelyen, a LeCtura foly\u00f3irat jogi form\u00e1j\u00fa t\u00e1mogat\u00e1sak\u00e9nt. 2014-ben az egyes\u00fclet megv\u00e1ltoztatta f\u00f3kusz\u00e1t, \u00e9s helyi \u00e9s orsz\u00e1gos polg\u00e1ri aktivista projektekben vett r\u00e9szt. Az \u00faj alapszab\u00e1ly szerint 2023-t\u00f3l az egyes\u00fclet c\u00e9lja k\u00f6z\u00f6ss\u00e9gi \u00e9rdek\u0171 tev\u00e9kenys\u00e9gek v\u00e9gz\u00e9se \u00e9s\/vagy t\u00e1mogat\u00e1sa a k\u00f6vetkez\u0151 ter\u00fcleteken kultur\u00e1lis \u00e9s oktat\u00e1si ter\u00fcletek. Oktat\u00e1si programok kidolgoz\u00e1sa a javul\u00e1s [&hellip;]<\/p>\n","protected":false},"author":2,"featured_media":0,"parent":0,"menu_order":1,"comment_status":"open","ping_status":"open","template":"","meta":{"_acf_changed":false,"footnotes":""},"class_list":["post-1395","page","type-page","status-publish","hentry"],"acf":[],"aioseo_notices":[],"_links":{"self":[{"href":"https:\/\/www.amper.org.ro\/hu\/wp-json\/wp\/v2\/pages\/1395","targetHints":{"allow":["GET"]}}],"collection":[{"href":"https:\/\/www.amper.org.ro\/hu\/wp-json\/wp\/v2\/pages"}],"about":[{"href":"https:\/\/www.amper.org.ro\/hu\/wp-json\/wp\/v2\/types\/page"}],"author":[{"embeddable":true,"href":"https:\/\/www.amper.org.ro\/hu\/wp-json\/wp\/v2\/users\/2"}],"replies":[{"embeddable":true,"href":"https:\/\/www.amper.org.ro\/hu\/wp-json\/wp\/v2\/comments?post=1395"}],"version-history":[{"count":3,"href":"https:\/\/www.amper.org.ro\/hu\/wp-json\/wp\/v2\/pages\/1395\/revisions"}],"predecessor-version":[{"id":1447,"href":"https:\/\/www.amper.org.ro\/hu\/wp-json\/wp\/v2\/pages\/1395\/revisions\/1447"}],"wp:attachment":[{"href":"https:\/\/www.amper.org.ro\/hu\/wp-json\/wp\/v2\/media?parent=1395"}],"curies":[{"name":"wp","href":"https:\/\/api.w.org\/{rel}","templated":true}]}}