{"id":1408,"date":"2025-05-06T16:03:41","date_gmt":"2025-05-06T13:03:41","guid":{"rendered":"https:\/\/www.amper.org.ro\/magyar-asz\/"},"modified":"2025-07-04T12:38:43","modified_gmt":"2025-07-04T09:38:43","slug":"magyar-asz","status":"publish","type":"page","link":"https:\/\/www.amper.org.ro\/hu\/projektek\/magyar-asz\/","title":{"rendered":"Magyar \u00c1sz"},"content":{"rendered":"\n<div class=\"wp-block-columns is-layout-flex wp-container-core-columns-is-layout-9d6595d7 wp-block-columns-is-layout-flex\">\n<div class=\"wp-block-column is-layout-flow wp-block-column-is-layout-flow\">\n<p>Ez a projekt az erd\u00e9lyi \u00e9s partiumi magyar f\u00fcggetlen sajt\u00f3t t\u00e1mogatja. Ebben a k\u00fcl\u00f6nleges t\u00e9rben friss h\u00edreket, eredeti cikkeket \u00e9s megb\u00edzhat\u00f3 inform\u00e1ci\u00f3kat tal\u00e1lhat magyar nyelven. C\u00e9lunk a szabad \u00e9s kritikus gondolkod\u00e1s, a friss n\u00e9z\u0151pont\u00fa h\u00edrek \u00e9s a hiteles inform\u00e1ci\u00f3k n\u00e9pszer\u0171s\u00edt\u00e9se. <\/p>\n\n\n\n<p><br\/>A magyarasasz.com a magyar kisebbs\u00e9gnek:<br\/>\u2705  Friss h\u00edrek<br\/>\u2705 M\u00e9lyrehat\u00f3 \u00e9s \u0151szinte elemz\u00e9sek<br\/>\u2705 Val\u00f3di \u00e9s b\u00e1tor n\u00e9z\u0151pontok<br\/>\u2705 Eredeti cikkek<br\/>\u2705 Szabads\u00e1gp\u00e1rti t\u00e9m\u00e1k.<\/p>\n\n\n\n<p><br\/>A projekt c\u00e9lja, hogy t\u00e1mogassa a magyar kisebbs\u00e9gek es\u00e9lyegyenl\u0151s\u00e9g\u00e9t a szabad v\u00e9lem\u00e9nynyilv\u00e1n\u00edt\u00e1shoz \u00e9s a v\u00e9lem\u00e9nynyilv\u00e1n\u00edt\u00e1shoz val\u00f3 jogot, polg\u00e1ri, oktat\u00e1si \u00e9s kultur\u00e1lis t\u00e9m\u00e1kban, minden koroszt\u00e1ly sz\u00e1m\u00e1ra.<\/p>\n\n\n\n<p>Csatlakozzon hozz\u00e1nk, \u00e9s \u00e1lljunk ki egy\u00fctt az igazs\u00e1g\u00e9rt, a sz\u00f3l\u00e1sszabads\u00e1g\u00e9rt \u00e9s a kritikus gondolkod\u00e1s\u00e9rt!<\/p>\n<\/div>\n\n\n\n<div class=\"wp-block-column is-layout-flow wp-block-column-is-layout-flow\">\n<figure class=\"wp-block-image size-full\"><a href=\"https:\/\/www.amper.org.ro\/wp-content\/uploads\/2025\/05\/Logo-magyarasz.com_.png\"><img loading=\"lazy\" decoding=\"async\" width=\"500\" height=\"500\" src=\"https:\/\/www.amper.org.ro\/wp-content\/uploads\/2025\/05\/Logo-magyarasz.com_.png\" alt=\"\" class=\"wp-image-1196\" srcset=\"https:\/\/www.amper.org.ro\/wp-content\/uploads\/2025\/05\/Logo-magyarasz.com_.png 500w, https:\/\/www.amper.org.ro\/wp-content\/uploads\/2025\/05\/Logo-magyarasz.com_-300x300.png 300w, https:\/\/www.amper.org.ro\/wp-content\/uploads\/2025\/05\/Logo-magyarasz.com_-150x150.png 150w, https:\/\/www.amper.org.ro\/wp-content\/uploads\/2025\/05\/Logo-magyarasz.com_-103x103.png 103w, https:\/\/www.amper.org.ro\/wp-content\/uploads\/2025\/05\/Logo-magyarasz.com_-220x220.png 220w, https:\/\/www.amper.org.ro\/wp-content\/uploads\/2025\/05\/Logo-magyarasz.com_-75x75.png 75w, https:\/\/www.amper.org.ro\/wp-content\/uploads\/2025\/05\/Logo-magyarasz.com_-187x187.png 187w, https:\/\/www.amper.org.ro\/wp-content\/uploads\/2025\/05\/Logo-magyarasz.com_-453x453.png 453w, https:\/\/www.amper.org.ro\/wp-content\/uploads\/2025\/05\/Logo-magyarasz.com_-184x184.png 184w\" sizes=\"auto, (max-width: 500px) 100vw, 500px\" \/><\/a><\/figure>\n<\/div>\n<\/div>\n\n<p><\/p>\n","protected":false},"excerpt":{"rendered":"<p>Ez a projekt az erd\u00e9lyi \u00e9s partiumi magyar f\u00fcggetlen sajt\u00f3t t\u00e1mogatja. Ebben a k\u00fcl\u00f6nleges t\u00e9rben friss h\u00edreket, eredeti cikkeket \u00e9s megb\u00edzhat\u00f3 inform\u00e1ci\u00f3kat tal\u00e1lhat magyar nyelven. C\u00e9lunk a szabad \u00e9s kritikus gondolkod\u00e1s, a friss n\u00e9z\u0151pont\u00fa h\u00edrek \u00e9s a hiteles inform\u00e1ci\u00f3k n\u00e9pszer\u0171s\u00edt\u00e9se. A magyarasasz.com a magyar kisebbs\u00e9gnek:\u2705 Friss h\u00edrek\u2705 M\u00e9lyrehat\u00f3 \u00e9s \u0151szinte elemz\u00e9sek\u2705 Val\u00f3di \u00e9s b\u00e1tor n\u00e9z\u0151pontok\u2705 [&hellip;]<\/p>\n","protected":false},"author":58,"featured_media":1393,"parent":1415,"menu_order":0,"comment_status":"closed","ping_status":"closed","template":"","meta":{"_acf_changed":false,"footnotes":""},"class_list":["post-1408","page","type-page","status-publish","has-post-thumbnail","hentry"],"acf":[],"aioseo_notices":[],"_links":{"self":[{"href":"https:\/\/www.amper.org.ro\/hu\/wp-json\/wp\/v2\/pages\/1408","targetHints":{"allow":["GET"]}}],"collection":[{"href":"https:\/\/www.amper.org.ro\/hu\/wp-json\/wp\/v2\/pages"}],"about":[{"href":"https:\/\/www.amper.org.ro\/hu\/wp-json\/wp\/v2\/types\/page"}],"author":[{"embeddable":true,"href":"https:\/\/www.amper.org.ro\/hu\/wp-json\/wp\/v2\/users\/58"}],"replies":[{"embeddable":true,"href":"https:\/\/www.amper.org.ro\/hu\/wp-json\/wp\/v2\/comments?post=1408"}],"version-history":[{"count":1,"href":"https:\/\/www.amper.org.ro\/hu\/wp-json\/wp\/v2\/pages\/1408\/revisions"}],"predecessor-version":[{"id":1409,"href":"https:\/\/www.amper.org.ro\/hu\/wp-json\/wp\/v2\/pages\/1408\/revisions\/1409"}],"up":[{"embeddable":true,"href":"https:\/\/www.amper.org.ro\/hu\/wp-json\/wp\/v2\/pages\/1415"}],"wp:featuredmedia":[{"embeddable":true,"href":"https:\/\/www.amper.org.ro\/hu\/wp-json\/wp\/v2\/media\/1393"}],"wp:attachment":[{"href":"https:\/\/www.amper.org.ro\/hu\/wp-json\/wp\/v2\/media?parent=1408"}],"curies":[{"name":"wp","href":"https:\/\/api.w.org\/{rel}","templated":true}]}}