{"id":1412,"date":"2014-05-06T11:06:43","date_gmt":"2014-05-06T08:06:43","guid":{"rendered":"https:\/\/www.amper.org.ro\/onkentesek\/"},"modified":"2014-05-06T11:06:43","modified_gmt":"2014-05-06T08:06:43","slug":"onkentesek","status":"publish","type":"page","link":"https:\/\/www.amper.org.ro\/hu\/onkentesek\/","title":{"rendered":"\u00d6nk\u00e9ntesek"},"content":{"rendered":"<p>Az \u00f6tlett\u0151l a v\u00e9gleges projektig vezet\u0151 \u00fat amb\u00edci\u00f3t, kitart\u00e1st \u00e9s kem\u00e9ny munk\u00e1t ig\u00e9nyel. Ha tetszenek az \u00f6tleteink, sz\u00edvesen l\u00e1tunk csapatunkban. Csatlakozz az AMPER \u00f6nk\u00e9ntesekb\u0151l \u00e1ll\u00f3 csapat\u00e1hoz, hogy egy\u00fctt adhassunk tartalmat az \u00f6tleteinknek. Regisztr\u00e1lni az al\u00e1bbi \u0171rlap kit\u00f6lt\u00e9s\u00e9vel lehet, \u00e9s az AMPER csapata k\u00e9s\u0151bb jelentkezni fog. El\u0151re is k\u00f6sz\u00f6nj\u00fck!<\/p>\n<p>&nbsp;<\/p>\n","protected":false},"excerpt":{"rendered":"<p>Az \u00f6tlett\u0151l a v\u00e9gleges projektig vezet\u0151 \u00fat amb\u00edci\u00f3t, kitart\u00e1st \u00e9s kem\u00e9ny munk\u00e1t ig\u00e9nyel. Ha tetszenek az \u00f6tleteink, sz\u00edvesen l\u00e1tunk csapatunkban. Csatlakozz az AMPER \u00f6nk\u00e9ntesekb\u0151l \u00e1ll\u00f3 csapat\u00e1hoz, hogy egy\u00fctt adhassunk tartalmat az \u00f6tleteinknek. Regisztr\u00e1lni az al\u00e1bbi \u0171rlap kit\u00f6lt\u00e9s\u00e9vel lehet, \u00e9s az AMPER csapata k\u00e9s\u0151bb jelentkezni fog. El\u0151re is k\u00f6sz\u00f6nj\u00fck! &nbsp;<\/p>\n","protected":false},"author":2,"featured_media":0,"parent":0,"menu_order":3,"comment_status":"open","ping_status":"open","template":"","meta":{"_acf_changed":false,"footnotes":""},"class_list":["post-1412","page","type-page","status-publish","hentry"],"acf":[],"aioseo_notices":[],"_links":{"self":[{"href":"https:\/\/www.amper.org.ro\/hu\/wp-json\/wp\/v2\/pages\/1412","targetHints":{"allow":["GET"]}}],"collection":[{"href":"https:\/\/www.amper.org.ro\/hu\/wp-json\/wp\/v2\/pages"}],"about":[{"href":"https:\/\/www.amper.org.ro\/hu\/wp-json\/wp\/v2\/types\/page"}],"author":[{"embeddable":true,"href":"https:\/\/www.amper.org.ro\/hu\/wp-json\/wp\/v2\/users\/2"}],"replies":[{"embeddable":true,"href":"https:\/\/www.amper.org.ro\/hu\/wp-json\/wp\/v2\/comments?post=1412"}],"version-history":[{"count":0,"href":"https:\/\/www.amper.org.ro\/hu\/wp-json\/wp\/v2\/pages\/1412\/revisions"}],"wp:attachment":[{"href":"https:\/\/www.amper.org.ro\/hu\/wp-json\/wp\/v2\/media?parent=1412"}],"curies":[{"name":"wp","href":"https:\/\/api.w.org\/{rel}","templated":true}]}}