{"id":1414,"date":"2016-11-29T12:54:56","date_gmt":"2016-11-29T09:54:56","guid":{"rendered":"https:\/\/www.amper.org.ro\/amper-alert\/"},"modified":"2025-07-04T12:38:43","modified_gmt":"2025-07-04T09:38:43","slug":"amper-alert","status":"publish","type":"page","link":"https:\/\/www.amper.org.ro\/hu\/projektek\/amper-alert\/","title":{"rendered":"AMPER Alert"},"content":{"rendered":"<p style=\"text-align: justify;\">\u00cdrja le n\u00e9h\u00e1ny sz\u00f3ban a helyzetet, amivel tal\u00e1lkozott, hogy \u00d6n szerint mi a hiba, \u00e9s sz\u00fcks\u00e9g eset\u00e9n tegyen megold\u00e1si javaslatot. Az AMPER ezut\u00e1n \u00e1tveszi a panaszt, tov\u00e1bb\u00edtja azt az illet\u00e9kes int\u00e9zm\u00e9nynek, nyomon k\u00f6veti \u00e9s mindent megtesz a helyzet megold\u00e1sa \u00e9rdek\u00e9ben, illetve a rendelkez\u00e9s\u00e9re \u00e1ll\u00f3 jogi eszk\u00f6z\u00f6k kimer\u00edt\u00e9s\u00e9ig.<\/p>\n<p style=\"text-align: justify;\">\n<p style=\"text-align: center;\"><a href='http:\/\/amper.org.ro\/sesizari' class='big-button bigorange'>AMPER riaszt\u00e1s<\/a><\/p>\n","protected":false},"excerpt":{"rendered":"<p>\u00cdrja le n\u00e9h\u00e1ny sz\u00f3ban a helyzetet, amivel tal\u00e1lkozott, hogy \u00d6n szerint mi a hiba, \u00e9s sz\u00fcks\u00e9g eset\u00e9n tegyen megold\u00e1si javaslatot. Az AMPER ezut\u00e1n \u00e1tveszi a panaszt, tov\u00e1bb\u00edtja azt az illet\u00e9kes int\u00e9zm\u00e9nynek, nyomon k\u00f6veti \u00e9s mindent megtesz a helyzet megold\u00e1sa \u00e9rdek\u00e9ben, illetve a rendelkez\u00e9s\u00e9re \u00e1ll\u00f3 jogi eszk\u00f6z\u00f6k kimer\u00edt\u00e9s\u00e9ig.<\/p>\n","protected":false},"author":2,"featured_media":1370,"parent":1415,"menu_order":0,"comment_status":"closed","ping_status":"closed","template":"","meta":{"_acf_changed":false,"footnotes":""},"class_list":["post-1414","page","type-page","status-publish","has-post-thumbnail","hentry"],"acf":[],"aioseo_notices":[],"_links":{"self":[{"href":"https:\/\/www.amper.org.ro\/hu\/wp-json\/wp\/v2\/pages\/1414","targetHints":{"allow":["GET"]}}],"collection":[{"href":"https:\/\/www.amper.org.ro\/hu\/wp-json\/wp\/v2\/pages"}],"about":[{"href":"https:\/\/www.amper.org.ro\/hu\/wp-json\/wp\/v2\/types\/page"}],"author":[{"embeddable":true,"href":"https:\/\/www.amper.org.ro\/hu\/wp-json\/wp\/v2\/users\/2"}],"replies":[{"embeddable":true,"href":"https:\/\/www.amper.org.ro\/hu\/wp-json\/wp\/v2\/comments?post=1414"}],"version-history":[{"count":1,"href":"https:\/\/www.amper.org.ro\/hu\/wp-json\/wp\/v2\/pages\/1414\/revisions"}],"predecessor-version":[{"id":1416,"href":"https:\/\/www.amper.org.ro\/hu\/wp-json\/wp\/v2\/pages\/1414\/revisions\/1416"}],"up":[{"embeddable":true,"href":"https:\/\/www.amper.org.ro\/hu\/wp-json\/wp\/v2\/pages\/1415"}],"wp:featuredmedia":[{"embeddable":true,"href":"https:\/\/www.amper.org.ro\/hu\/wp-json\/wp\/v2\/media\/1370"}],"wp:attachment":[{"href":"https:\/\/www.amper.org.ro\/hu\/wp-json\/wp\/v2\/media?parent=1414"}],"curies":[{"name":"wp","href":"https:\/\/api.w.org\/{rel}","templated":true}]}}