{"id":1419,"date":"2014-05-05T06:54:54","date_gmt":"2014-05-05T03:54:54","guid":{"rendered":"https:\/\/www.amper.org.ro\/adomanyozas\/"},"modified":"2025-09-18T09:05:15","modified_gmt":"2025-09-18T06:05:15","slug":"adomanyozas","status":"publish","type":"page","link":"https:\/\/www.amper.org.ro\/hu\/adomanyozas\/","title":{"rendered":"Adom\u00e1nyoz\u00e1s"},"content":{"rendered":"<p>Minden projekt egy \u00f6tlettel kezd\u0151dik, amelyet azt\u00e1n munk\u00e1val \u00e9s er\u0151forr\u00e1sokkal lehet megval\u00f3s\u00edtani. Ha tetszenek az \u00f6tleteink \u00e9s \u00e9rt\u00e9keled a munk\u00e1nkat, akkor t\u00e1mogasd projektjeinket finansz\u00edroz\u00e1ssal. N\u00e9h\u00e1ny lehet\u0151s\u00e9g \u00e1ll a rendelkez\u00e9sedre:<\/p>\n<ul>\n<li>Adom\u00e1nyozni a <a href=\"http:\/\/www.amper.org.ro\/doneaza\/paypal\/\" target=\"_blank\" rel=\"noopener noreferrer\">Pay Pal<\/a> alkalmaz\u00e1son kereszt\u00fcl lehet.<\/li>\n<li>Adom\u00e1nyozhat az Unicredit Bankn\u00e1l nyitott AMPER sz\u00e1ml\u00e1ra &#8211; RO89BACX0000000000242494296000.<\/li>\n<li><a href=\"http:\/\/www.amper.org.ro\/doneaza\/directioneaza-2\/\">J\u00f6vedelemad\u00f3ja 2%-\u00e1t <\/a>az AMPER-nek aj\u00e1nlhatja fel.<\/li>\n<\/ul>\n<p><strong>B\u00e1rmilyen \u00f6sszeget sz\u00edvesen fogadunk \u00e9s \u00e9rt\u00e9kel\u00fcnk. K\u00e1rty\u00e1val t\u00f6rt\u00e9n\u0151 adom\u00e1nyoz\u00e1s eset\u00e9n a minim\u00e1lis \u00f6sszeg 50 lej.<\/strong><\/p>\n<p>El\u0151re is k\u00f6sz\u00f6nj\u00fck!<\/p>\n","protected":false},"excerpt":{"rendered":"<p>Ahhoz, hogy elk\u00e9pzel\u00e9seink megval\u00f3sulhassanak, sz\u00fcks\u00e9g\u00fcnk van a hasonl\u00f3an gondolkod\u00f3 emberek p\u00e9nz\u00fcgyi t\u00e1mogat\u00e1s\u00e1ra. B\u00e1rki seg\u00edthet minket az \u00f6tlett\u0151l a megval\u00f3s\u00edt\u00e1sig vezet\u0151 \u00faton azzal, hogy j\u00f6vedelemad\u00f3ja 2%-\u00e1t vagy k\u00f6zvetlen adom\u00e1nyokat k\u00fcld.<\/p>\n","protected":false},"author":2,"featured_media":0,"parent":0,"menu_order":4,"comment_status":"open","ping_status":"open","template":"","meta":{"_acf_changed":false,"footnotes":""},"class_list":["post-1419","page","type-page","status-publish","hentry"],"acf":[],"aioseo_notices":[],"_links":{"self":[{"href":"https:\/\/www.amper.org.ro\/hu\/wp-json\/wp\/v2\/pages\/1419","targetHints":{"allow":["GET"]}}],"collection":[{"href":"https:\/\/www.amper.org.ro\/hu\/wp-json\/wp\/v2\/pages"}],"about":[{"href":"https:\/\/www.amper.org.ro\/hu\/wp-json\/wp\/v2\/types\/page"}],"author":[{"embeddable":true,"href":"https:\/\/www.amper.org.ro\/hu\/wp-json\/wp\/v2\/users\/2"}],"replies":[{"embeddable":true,"href":"https:\/\/www.amper.org.ro\/hu\/wp-json\/wp\/v2\/comments?post=1419"}],"version-history":[{"count":1,"href":"https:\/\/www.amper.org.ro\/hu\/wp-json\/wp\/v2\/pages\/1419\/revisions"}],"predecessor-version":[{"id":1429,"href":"https:\/\/www.amper.org.ro\/hu\/wp-json\/wp\/v2\/pages\/1419\/revisions\/1429"}],"wp:attachment":[{"href":"https:\/\/www.amper.org.ro\/hu\/wp-json\/wp\/v2\/media?parent=1419"}],"curies":[{"name":"wp","href":"https:\/\/api.w.org\/{rel}","templated":true}]}}