{"id":2,"date":"2016-07-14T08:37:26","date_gmt":"2016-07-14T08:37:26","guid":{"rendered":"http:\/\/www.amper.org.ro\/sesizari\/?page_id=2"},"modified":"2016-09-07T08:37:10","modified_gmt":"2016-09-07T08:37:10","slug":"sample-page","status":"publish","type":"page","link":"https:\/\/www.amper.org.ro\/sesizari\/","title":{"rendered":"Sesizari"},"content":{"rendered":"<h1 style=\"text-align: center;\">Adaug\u0103\u00a0sesizare<\/h1>\n\n<div class=\"wpcf7 no-js\" id=\"wpcf7-f4-o1\" lang=\"en-US\" dir=\"ltr\" data-wpcf7-id=\"4\">\n<div class=\"screen-reader-response\"><p role=\"status\" aria-live=\"polite\" aria-atomic=\"true\"><\/p> <ul><\/ul><\/div>\n<form action=\"\/sesizari\/wp-json\/wp\/v2\/pages\/2#wpcf7-f4-o1\" method=\"post\" class=\"wpcf7-form init\" aria-label=\"Contact form\" enctype=\"multipart\/form-data\" novalidate=\"novalidate\" data-status=\"init\">\n<fieldset class=\"hidden-fields-container\"><input type=\"hidden\" name=\"_wpcf7\" value=\"4\" \/><input type=\"hidden\" name=\"_wpcf7_version\" value=\"6.1.5\" \/><input type=\"hidden\" name=\"_wpcf7_locale\" value=\"en_US\" \/><input type=\"hidden\" name=\"_wpcf7_unit_tag\" value=\"wpcf7-f4-o1\" \/><input type=\"hidden\" name=\"_wpcf7_container_post\" value=\"0\" \/><input type=\"hidden\" name=\"_wpcf7_posted_data_hash\" value=\"\" \/>\n<\/fieldset>\n<div id=\"preview\" class=\"clearfix\">\n\t<p><span class=\"wpcf7-form-control-wrap\" data-name=\"Foto1\"><input size=\"40\" class=\"wpcf7-form-control wpcf7-file upload-btn\" id=\"upload-btn-1\" accept=\".pdf,.jpg,.png,.jpeg\" aria-invalid=\"false\" type=\"file\" name=\"Foto1\" \/><\/span><span class=\"wpcf7-form-control-wrap\" data-name=\"Foto2\"><input size=\"40\" class=\"wpcf7-form-control wpcf7-file upload-btn\" id=\"upload-btn-2\" accept=\".pdf,.jpg,.png,.jpeg\" aria-invalid=\"false\" type=\"file\" name=\"Foto2\" \/><\/span><span class=\"wpcf7-form-control-wrap\" data-name=\"Foto3\"><input size=\"40\" class=\"wpcf7-form-control wpcf7-file upload-btn\" id=\"upload-btn-3\" accept=\".pdf,.xls,.xlsx,.doc,.docx,.jpg,.png,.jpeg\" aria-invalid=\"false\" type=\"file\" name=\"Foto3\" \/><\/span><span class=\"wpcf7-form-control-wrap\" data-name=\"Foto4\"><input size=\"40\" class=\"wpcf7-form-control wpcf7-file upload-btn\" id=\"upload-btn-4\" accept=\".pdf,.jpg,.png,.jpeg\" aria-invalid=\"false\" type=\"file\" name=\"Foto4\" \/><\/span><span class=\"wpcf7-form-control-wrap\" data-name=\"Foto5\"><input size=\"40\" class=\"wpcf7-form-control wpcf7-file upload-btn\" id=\"upload-btn-5\" accept=\".pdf,.jpg,.png,.jpeg\" aria-invalid=\"false\" type=\"file\" name=\"Foto5\" \/><\/span><span class=\"wpcf7-form-control-wrap\" data-name=\"Foto6\"><input size=\"40\" class=\"wpcf7-form-control wpcf7-file upload-btn\" id=\"upload-btn-6\" accept=\".pdf,.docx,.jpg,.png,.jpeg\" aria-invalid=\"false\" type=\"file\" name=\"Foto6\" \/><\/span>\n\t<\/p>\n<\/div>\n<div class=\"form-description\">\n\t<p>Descrie \u00een c\u00e2teva cuvinte situa\u021bia pe care ai \u00eent\u00e2lnit-o, ce anume crezi c\u0103 nu este \u00een regul\u0103 \u0219i o propunere pentru solu\u021bionare acolo unde este cazul.\n\t<\/p>\n<\/div>\n<div class=\"form-content\">\n\t<div class=\"input-group\">\n\t\t<p><span class=\"input-group-addon\" for=\"Strada\"><i class=\"fa fa-map-marker\" aria-hidden=\"true\"><\/i><\/span><br \/>\n<span class=\"wpcf7-form-control-wrap\" data-name=\"Strada\"><input size=\"40\" maxlength=\"400\" class=\"wpcf7-form-control wpcf7-text wpcf7-validates-as-required\" aria-required=\"true\" aria-invalid=\"false\" placeholder=\"Strada, Nr\" value=\"\" type=\"text\" name=\"Strada\" \/><\/span>\n\t\t<\/p>\n\t<\/div>\n\t<div class=\"input-group\">\n\t\t<p><span class=\"input-group-addon\" for=\"Oras\"><i class=\"fa fa-map-marker\" aria-hidden=\"true\"><\/i><\/span><br \/>\n<span class=\"wpcf7-form-control-wrap\" data-name=\"Oras\"><input size=\"40\" maxlength=\"400\" class=\"wpcf7-form-control wpcf7-text wpcf7-validates-as-required\" readonly=\"readonly\" aria-required=\"true\" aria-invalid=\"false\" value=\"T\u00e2rgu Mure\u0219\" type=\"text\" name=\"Oras\" \/><\/span>\n\t\t<\/p>\n\t<\/div>\n\t<div class=\"input-group\">\n\t\t<p><span class=\"input-group-addon\" for=\"Judet\"><i class=\"fa fa-map-marker\" aria-hidden=\"true\"><\/i><\/span><br \/>\n<span class=\"wpcf7-form-control-wrap\" data-name=\"Judet\"><input size=\"40\" maxlength=\"400\" class=\"wpcf7-form-control wpcf7-text wpcf7-validates-as-required\" readonly=\"readonly\" aria-required=\"true\" aria-invalid=\"false\" value=\"Mures\" type=\"text\" name=\"Judet\" \/><\/span>\n\t\t<\/p>\n\t<\/div>\n\t<div class=\"input-group hidden\">\n\t\t<p><span class=\"input-group-addon\" for=\"Coordonate\"><i class=\"fa fa-map-marker\" aria-hidden=\"true\"><\/i><\/span><br \/>\n<span class=\"wpcf7-form-control-wrap\" data-name=\"Coordonate\"><input size=\"40\" maxlength=\"400\" class=\"wpcf7-form-control wpcf7-text wpcf7-validates-as-required\" readonly=\"readonly\" aria-required=\"true\" aria-invalid=\"false\" value=\"Coordonate\" type=\"text\" name=\"Coordonate\" \/><\/span>\n\t\t<\/p>\n\t<\/div>\n\t<div class=\"input-group\">\n\t\t<p><span class=\"input-group-addon\" for=\"Telefon\"><i class=\"fa fa-mobile\" aria-hidden=\"true\"><\/i><\/span><br \/>\n<span class=\"wpcf7-form-control-wrap\" data-name=\"Telefon\"><input size=\"40\" maxlength=\"400\" class=\"wpcf7-form-control wpcf7-text wpcf7-validates-as-required\" aria-required=\"true\" aria-invalid=\"false\" placeholder=\"Telefon\" value=\"\" type=\"text\" name=\"Telefon\" \/><\/span>\n\t\t<\/p>\n\t<\/div>\n\t<div class=\"input-group\">\n\t\t<p><span class=\"input-group-addon\" for=\"Email\"><i class=\"fa fa-at\" aria-hidden=\"true\"><\/i><\/span><br \/>\n<span class=\"wpcf7-form-control-wrap\" data-name=\"Email\"><input size=\"40\" maxlength=\"400\" class=\"wpcf7-form-control wpcf7-email wpcf7-validates-as-required wpcf7-text wpcf7-validates-as-email\" aria-required=\"true\" aria-invalid=\"false\" placeholder=\"Adresa de e-mail\" value=\"\" type=\"email\" name=\"Email\" \/><\/span>\n\t\t<\/p>\n\t<\/div>\n\t<div class=\"input-group\">\n\t\t<p><span class=\"input-group-addon\" for=\"DescriereSituatie\"><i class=\"fa fa-align-left\" aria-hidden=\"true\"><\/i><\/span><br \/>\n<span class=\"wpcf7-form-control-wrap\" data-name=\"DescriereSituatie\"><textarea cols=\"40\" rows=\"10\" maxlength=\"2000\" class=\"wpcf7-form-control wpcf7-textarea wpcf7-validates-as-required\" aria-required=\"true\" aria-invalid=\"false\" placeholder=\"Descriere\" name=\"DescriereSituatie\"><\/textarea><\/span>\n\t\t<\/p>\n\t<\/div>\n\t<div class=\"input-group\">\n\t\t<p><span class=\"input-group-addon\" for=\"Categorie\"><i class=\"fa fa-th-list\" aria-hidden=\"true\"><\/i><\/span><br \/>\n<span class=\"wpcf7-form-control-wrap Categorie\"><select name=\"Categorie\" class=\"wpcf7-form-control wpcf7-select\" aria-invalid=\"false\"><option value=\"Altele\">Altele<\/option><option value=\"Antreprenoriat\">Antreprenoriat<\/option><option value=\"Buget\/Finante\">Buget\/Finante<\/option><option value=\"Comert\">Comert<\/option><option value=\"Culte\">Culte<\/option><option value=\"Cultura\">Cultura<\/option><option value=\"Dezvoltare Urbana\">Dezvoltare Urbana<\/option><option value=\"Drepturile Omului\">Drepturile Omului<\/option><option value=\"Educatie\">Educatie<\/option><option value=\"Inovare\/Cercetare\">Inovare\/Cercetare<\/option><option value=\"Juridic\">Juridic<\/option><option value=\"Lucrari Publice\">Lucrari Publice<\/option><option value=\"Ordine Publica\">Ordine Publica<\/option><option value=\"Proiecte Europene\">Proiecte Europene<\/option><option value=\"Protectia Mediului\">Protectia Mediului<\/option><option value=\"Sanatate\">Sanatate<\/option><option value=\"Social\">Social<\/option><option value=\"Sport\">Sport<\/option><option value=\"Trafic\">Trafic<\/option><\/select><\/span>\n\t\t<\/p>\n\t<\/div>\n<\/div>\n<p class=\"notificare\">Sesiz\u0103rile sunt supuse moder\u0103rii, iar mai apoi sunt eviden\u021biate pe harta interactiv\u0103. Datele dumneavoastr\u0103 de contact r\u0103m\u00e2n anonime \u0219i sunt folosite doar \u00een cazul \u00een care e nevoie de informa\u021bii suplimentare legate de sesiz\u0103rile\/propunerile dumneavoastr\u0103.\n<\/p>\n<div class=\"hidden\">\n\t<p><span class=\"wpcf7-form-control-wrap\" data-name=\"map\"><input size=\"40\" maxlength=\"400\" class=\"wpcf7-form-control wpcf7-text\" aria-invalid=\"false\" value=\"\" type=\"text\" name=\"map\" \/><\/span><span class=\"wpcf7-form-control-wrap\" data-name=\"timestamp\"><input size=\"40\" maxlength=\"400\" class=\"wpcf7-form-control wpcf7-text\" aria-invalid=\"false\" value=\"\" type=\"text\" name=\"timestamp\" \/><\/span>\n\t<\/p>\n<\/div>\n<p><span id=\"wpcf7-69d16f78281a2-wrapper\" class=\"wpcf7-form-control-wrap mures-675-wrap\" style=\"display:none !important; visibility:hidden !important;\"><label for=\"wpcf7-69d16f78281a2-field\" class=\"hp-message\">Please leave this field empty.<\/label><input id=\"wpcf7-69d16f78281a2-field\"  class=\"wpcf7-form-control wpcf7-text\" type=\"text\" name=\"mures-675\" value=\"\" size=\"40\" tabindex=\"-1\" autocomplete=\"new-password\" \/><\/span><br \/>\n<div class=\"h-captcha\" data-sitekey=\"daea75fc-f538-41b6-b744-4ec40dd0b222\" data-size=\"normal\" data-theme=\"light\" data-lang=\"ro\"><\/div><span class=\"wpcf7-form-control-wrap cf7apps-hcaptcha\" data-name=\"cf7apps-hcaptcha\"><input type=\"hidden\" name=\"cf7apps-hcaptcha\" value=\"\" class=\"wpcf7-form-control\"><\/span>\n<\/p>\n<div class=\"submit-wrapper\">\n\t<p><input class=\"wpcf7-form-control wpcf7-submit has-spinner btn\" type=\"submit\" value=\"Trimite\" \/>\n\t<\/p>\n<\/div><div class=\"wpcf7-response-output\" aria-hidden=\"true\"><\/div>\n<\/form>\n<\/div>\n\n","protected":false},"excerpt":{"rendered":"<p>Adaug\u0103\u00a0sesizare<\/p>\n","protected":false},"author":6,"featured_media":0,"parent":0,"menu_order":0,"comment_status":"closed","ping_status":"open","template":"page-home.php","meta":{"_acf_changed":false,"footnotes":""},"class_list":["post-2","page","type-page","status-publish","hentry"],"acf":[],"_links":{"self":[{"href":"https:\/\/www.amper.org.ro\/sesizari\/wp-json\/wp\/v2\/pages\/2","targetHints":{"allow":["GET"]}}],"collection":[{"href":"https:\/\/www.amper.org.ro\/sesizari\/wp-json\/wp\/v2\/pages"}],"about":[{"href":"https:\/\/www.amper.org.ro\/sesizari\/wp-json\/wp\/v2\/types\/page"}],"author":[{"embeddable":true,"href":"https:\/\/www.amper.org.ro\/sesizari\/wp-json\/wp\/v2\/users\/6"}],"replies":[{"embeddable":true,"href":"https:\/\/www.amper.org.ro\/sesizari\/wp-json\/wp\/v2\/comments?post=2"}],"version-history":[{"count":6,"href":"https:\/\/www.amper.org.ro\/sesizari\/wp-json\/wp\/v2\/pages\/2\/revisions"}],"predecessor-version":[{"id":53,"href":"https:\/\/www.amper.org.ro\/sesizari\/wp-json\/wp\/v2\/pages\/2\/revisions\/53"}],"wp:attachment":[{"href":"https:\/\/www.amper.org.ro\/sesizari\/wp-json\/wp\/v2\/media?parent=2"}],"curies":[{"name":"wp","href":"https:\/\/api.w.org\/{rel}","templated":true}]}}