{"id":207,"date":"2016-09-20T11:57:03","date_gmt":"2016-09-20T11:57:03","guid":{"rendered":"http:\/\/www.amper.org.ro\/sesizari\/?page_id=207"},"modified":"2016-09-26T07:51:39","modified_gmt":"2016-09-26T07:51:39","slug":"despre-noi","status":"publish","type":"page","link":"https:\/\/www.amper.org.ro\/sesizari\/despre-noi\/","title":{"rendered":"Despre noi"},"content":{"rendered":"<p>AMPER Alert este un proiect al Asocia\u021biei Pentru Min\u021bi Pertinente AMPER, care pune la dispozi\u021bia t\u00e2rgumure\u0219enilor un instrument online de rela\u021bionare direct\u0103 cu toate autorit\u0103\u021bile Statului, folosind tehnologia.<\/p>\n<p>Sesiz\u0103rile sunt supuse moder\u0103rii, iar mai apoi sunt eviden\u021biate pe harta interactiv\u0103. Pasul urm\u0103tor este sesizarea institu\u021biilor abilitate \u0219i urm\u0103rirea acestor sesiz\u0103ri p\u00e2n\u0103 la solu\u021bionarea acestora sau epuizarea mijloacelor legale. Datele dumneavoastr\u0103 de contact r\u0103m\u00e2n anonime \u0219i sunt folosite doar \u00een cazul \u00een care e nevoie de informa\u021bii suplimentare legate de sesiz\u0103rile\/propunerile dumneavoastr\u0103.<\/p>\n<p>Pute\u021bi sus\u021bine demersul, f\u0103c\u00e2nd o dona\u021bie direct \u00een <a href=\"http:\/\/www.amper.org.ro\/contact\/\">contul AMPER<\/a> sau folosind platforma <a href=\"http:\/\/www.amper.org.ro\/doneaza\/paypal\/\">Paypal<\/a>.<\/p>\n","protected":false},"excerpt":{"rendered":"<p>AMPER Alert este un proiect al Asocia\u021biei Pentru Min\u021bi Pertinente AMPER, care pune la dispozi\u021bia t\u00e2rgumure\u0219enilor un instrument online de rela\u021bionare direct\u0103 cu toate autorit\u0103\u021bile Statului, folosind tehnologia. Sesiz\u0103rile sunt supuse moder\u0103rii, iar mai apoi sunt eviden\u021biate pe harta interactiv\u0103. Pasul urm\u0103tor este sesizarea institu\u021biilor abilitate \u0219i urm\u0103rirea acestor sesiz\u0103ri p\u00e2n\u0103 la solu\u021bionarea acestora sau [&hellip;]<\/p>\n","protected":false},"author":6,"featured_media":0,"parent":0,"menu_order":0,"comment_status":"closed","ping_status":"closed","template":"page-about.php","meta":{"_acf_changed":false,"footnotes":""},"class_list":["post-207","page","type-page","status-publish","hentry"],"acf":[],"_links":{"self":[{"href":"https:\/\/www.amper.org.ro\/sesizari\/wp-json\/wp\/v2\/pages\/207","targetHints":{"allow":["GET"]}}],"collection":[{"href":"https:\/\/www.amper.org.ro\/sesizari\/wp-json\/wp\/v2\/pages"}],"about":[{"href":"https:\/\/www.amper.org.ro\/sesizari\/wp-json\/wp\/v2\/types\/page"}],"author":[{"embeddable":true,"href":"https:\/\/www.amper.org.ro\/sesizari\/wp-json\/wp\/v2\/users\/6"}],"replies":[{"embeddable":true,"href":"https:\/\/www.amper.org.ro\/sesizari\/wp-json\/wp\/v2\/comments?post=207"}],"version-history":[{"count":6,"href":"https:\/\/www.amper.org.ro\/sesizari\/wp-json\/wp\/v2\/pages\/207\/revisions"}],"predecessor-version":[{"id":264,"href":"https:\/\/www.amper.org.ro\/sesizari\/wp-json\/wp\/v2\/pages\/207\/revisions\/264"}],"wp:attachment":[{"href":"https:\/\/www.amper.org.ro\/sesizari\/wp-json\/wp\/v2\/media?parent=207"}],"curies":[{"name":"wp","href":"https:\/\/api.w.org\/{rel}","templated":true}]}}